{"id":6820,"date":"2015-09-15T10:12:50","date_gmt":"2015-09-15T10:12:50","guid":{"rendered":"http:\/\/archivoorotava.es\/blog\/?page_id=6820"},"modified":"2015-09-15T10:58:16","modified_gmt":"2015-09-15T10:58:16","slug":"vision-britanica-de-la-villa-presentacion","status":"publish","type":"page","link":"https:\/\/archivoorotava.es\/blog\/vision-britanica-de-la-villa-presentacion\/","title":{"rendered":"Visi\u00f3n Brit\u00e1nica de la Villa &#8211; Presentaci\u00f3n"},"content":{"rendered":"<div id=\"x-section-1\" class=\"x-section bg-image\" style=\"margin: 0px 0px 0px 0px; padding: 45px 0px 45px 0px; border-radius: 10px; background-image: url(http:\/\/archivoorotava.es\/blog\/wp-content\/uploads\/2015\/09\/Aguamansa-23-marco-5-mm.jpg); background-color: transparent;\" data-x-element=\"section\" data-x-params=\"{&quot;type&quot;:&quot;image&quot;,&quot;parallax&quot;:false}\"><div id=\"\" class=\"x-container\" style=\"margin: -60px auto 0px auto; padding: 0px 0px 0px 0px; \" ><div  class=\"x-column x-sm x-1-6\" style=\"padding: 95px 0px 0px 10px; \" ><a  class=\"x-btn x-btn-regular\" style=\"text-align:center;\" href=\"http:\/\/archivoorotava.es\/blog\/exposiciones-3\/\"   data-x-element=\"extra\" data-x-params=\"{&quot;type&quot;:&quot;popover&quot;,&quot;trigger&quot;:&quot;hover&quot;,&quot;placement&quot;:&quot;top&quot;,&quot;title&quot;:&quot;&quot;,&quot;content&quot;:&quot;Volver al men\\u00fa de Exposiciones&quot;}\"  data-options=\"thumbnail: ''\"><i  class=\"x-icon x-icon-mail-reply-all\" data-x-icon-s=\"&#xf122;\" aria-hidden=\"true\"><\/i>VOLVER<\/a><\/div><div  class=\"x-column x-sm x-5-6\" style=\"padding: 0px 10px 0px 0px; \" ><div id=\"\" class=\"x-text center-text\" style=\"background-color:#db7a30;border-radius:10px;\" ><h5><span style=\"color: #ffffff;\">  VISI\u00d3N BRIT\u00c1NICA DE LA VILLA  <\/span><\/h5>\n<\/div>\n\t\t\t<!-- START Visi\u00f3n brit\u00e1nica de la Villa REVOLUTION SLIDER 6.7.41 --><p class=\"rs-p-wp-fix\"><\/p>\n\t\t\t<rs-module-wrap id=\"rev_slider_16_1_wrapper\" data-source=\"gallery\" style=\"visibility:hidden;background:transparent;padding:0;margin:0px auto;margin-top:0;margin-bottom:0;\">\n\t\t\t\t<rs-module id=\"rev_slider_16_1\" style=\"\" data-version=\"6.7.41\">\n\t\t\t\t\t<rs-slides style=\"overflow: hidden; position: absolute;\">\n\t\t\t\t\t\t<rs-slide style=\"position: absolute;\" data-key=\"rs-259\" data-title=\"Slide\" data-thumb=\"\/\/archivoorotava.es\/blog\/wp-content\/uploads\/2015\/09\/Visi\u00f3n-brit\u00e1nica-de-la-Villa-1-100x50.jpg\" data-anim=\"adpr:false;\">\n\t\t\t\t\t\t\t<img decoding=\"async\" src=\"\/\/archivoorotava.es\/blog\/wp-content\/plugins\/revslider\/sr6\/assets\/assets\/dummy.png\" alt=\"\" title=\"Visi\u00f3n Brit\u00e1nica de la Villa &#8211; Presentaci\u00f3n\" class=\"rev-slidebg tp-rs-img rs-lazyload\" data-lazyload=\"\/\/archivoorotava.es\/blog\/wp-content\/uploads\/2015\/09\/Visi\u00f3n-brit\u00e1nica-de-la-Villa-1.jpg\" data-parallax=\"off\" data-no-retina>\n<!---->\t\t\t\t\t<\/rs-slide>\n\t\t\t\t\t\t<rs-slide style=\"position: absolute;\" data-key=\"rs-260\" data-title=\"Slide\" data-thumb=\"\/\/archivoorotava.es\/blog\/wp-content\/uploads\/2015\/09\/Visi\u00f3n-brit\u00e1nica-de-la-Villa-2-100x50.jpg\" data-anim=\"adpr:false;\">\n\t\t\t\t\t\t\t<img decoding=\"async\" src=\"\/\/archivoorotava.es\/blog\/wp-content\/plugins\/revslider\/sr6\/assets\/assets\/dummy.png\" alt=\"\" title=\"Visi\u00f3n Brit\u00e1nica de la Villa &#8211; Presentaci\u00f3n\" class=\"rev-slidebg tp-rs-img rs-lazyload\" data-lazyload=\"\/\/archivoorotava.es\/blog\/wp-content\/uploads\/2015\/09\/Visi\u00f3n-brit\u00e1nica-de-la-Villa-2.jpg\" data-parallax=\"off\" data-no-retina>\n<!---->\t\t\t\t\t<\/rs-slide>\n\t\t\t\t\t\t<rs-slide style=\"position: absolute;\" data-key=\"rs-261\" data-title=\"Slide\" data-thumb=\"\/\/archivoorotava.es\/blog\/wp-content\/uploads\/2015\/09\/Visi\u00f3n-brit\u00e1nica-de-la-Villa-3-100x50.jpg\" data-anim=\"adpr:false;\">\n\t\t\t\t\t\t\t<img decoding=\"async\" src=\"\/\/archivoorotava.es\/blog\/wp-content\/plugins\/revslider\/sr6\/assets\/assets\/dummy.png\" alt=\"\" title=\"Visi\u00f3n Brit\u00e1nica de la Villa &#8211; Presentaci\u00f3n\" class=\"rev-slidebg tp-rs-img rs-lazyload\" data-lazyload=\"\/\/archivoorotava.es\/blog\/wp-content\/uploads\/2015\/09\/Visi\u00f3n-brit\u00e1nica-de-la-Villa-3.jpg\" data-bg=\"p:0% 62%;\" data-parallax=\"off\" data-no-retina>\n<!---->\t\t\t\t\t<\/rs-slide>\n\t\t\t\t\t\t<rs-slide style=\"position: absolute;\" data-key=\"rs-262\" data-title=\"Slide\" data-thumb=\"\/\/archivoorotava.es\/blog\/wp-content\/uploads\/2015\/09\/Visi\u00f3n-brit\u00e1nica-de-la-Villa-4-100x50.jpg\" data-anim=\"adpr:false;\">\n\t\t\t\t\t\t\t<img decoding=\"async\" src=\"\/\/archivoorotava.es\/blog\/wp-content\/plugins\/revslider\/sr6\/assets\/assets\/dummy.png\" alt=\"\" title=\"Visi\u00f3n Brit\u00e1nica de la Villa &#8211; Presentaci\u00f3n\" class=\"rev-slidebg tp-rs-img rs-lazyload\" data-lazyload=\"\/\/archivoorotava.es\/blog\/wp-content\/uploads\/2015\/09\/Visi\u00f3n-brit\u00e1nica-de-la-Villa-4.jpg\" data-parallax=\"off\" data-no-retina>\n<!---->\t\t\t\t\t<\/rs-slide>\n\t\t\t\t\t\t<rs-slide style=\"position: absolute;\" data-key=\"rs-263\" data-title=\"Slide\" data-thumb=\"\/\/archivoorotava.es\/blog\/wp-content\/uploads\/2015\/09\/Visi\u00f3n-brit\u00e1nica-de-la-Villa-5-100x50.jpg\" data-anim=\"adpr:false;\">\n\t\t\t\t\t\t\t<img decoding=\"async\" src=\"\/\/archivoorotava.es\/blog\/wp-content\/plugins\/revslider\/sr6\/assets\/assets\/dummy.png\" alt=\"\" title=\"Visi\u00f3n Brit\u00e1nica de la Villa &#8211; Presentaci\u00f3n\" class=\"rev-slidebg tp-rs-img rs-lazyload\" data-lazyload=\"\/\/archivoorotava.es\/blog\/wp-content\/uploads\/2015\/09\/Visi\u00f3n-brit\u00e1nica-de-la-Villa-5.jpg\" data-parallax=\"off\" data-no-retina>\n<!---->\t\t\t\t\t<\/rs-slide>\n\t\t\t\t\t\t<rs-slide style=\"position: absolute;\" data-key=\"rs-249\" data-title=\"Slide\" data-thumb=\"\/\/archivoorotava.es\/blog\/wp-content\/uploads\/2015\/09\/Visi\u00f3n-brit\u00e1nica-de-la-Villa-6-100x50.jpg\" data-anim=\"adpr:false;\">\n\t\t\t\t\t\t\t<img decoding=\"async\" src=\"\/\/archivoorotava.es\/blog\/wp-content\/plugins\/revslider\/sr6\/assets\/assets\/dummy.png\" alt=\"\" title=\"Visi\u00f3n Brit\u00e1nica de la Villa &#8211; Presentaci\u00f3n\" class=\"rev-slidebg tp-rs-img rs-lazyload\" data-lazyload=\"\/\/archivoorotava.es\/blog\/wp-content\/uploads\/2015\/09\/Visi\u00f3n-brit\u00e1nica-de-la-Villa-6.jpg\" data-parallax=\"off\" data-no-retina>\n<!---->\t\t\t\t\t<\/rs-slide>\n\t\t\t\t\t\t<rs-slide style=\"position: absolute;\" data-key=\"rs-250\" data-title=\"Slide\" data-thumb=\"\/\/archivoorotava.es\/blog\/wp-content\/uploads\/2015\/09\/Visi\u00f3n-brit\u00e1nica-de-la-Villa-7-100x50.jpg\" data-anim=\"adpr:false;\">\n\t\t\t\t\t\t\t<img decoding=\"async\" src=\"\/\/archivoorotava.es\/blog\/wp-content\/plugins\/revslider\/sr6\/assets\/assets\/dummy.png\" alt=\"\" title=\"Visi\u00f3n Brit\u00e1nica de la Villa &#8211; Presentaci\u00f3n\" class=\"rev-slidebg tp-rs-img rs-lazyload\" data-lazyload=\"\/\/archivoorotava.es\/blog\/wp-content\/uploads\/2015\/09\/Visi\u00f3n-brit\u00e1nica-de-la-Villa-7.jpg\" data-parallax=\"off\" data-no-retina>\n<!---->\t\t\t\t\t<\/rs-slide>\n\t\t\t\t\t\t<rs-slide style=\"position: absolute;\" data-key=\"rs-251\" data-title=\"Slide\" data-thumb=\"\/\/archivoorotava.es\/blog\/wp-content\/uploads\/2015\/09\/Visi\u00f3n-brit\u00e1nica-de-la-Villa-8-100x50.jpg\" data-anim=\"adpr:false;\">\n\t\t\t\t\t\t\t<img decoding=\"async\" src=\"\/\/archivoorotava.es\/blog\/wp-content\/plugins\/revslider\/sr6\/assets\/assets\/dummy.png\" alt=\"\" title=\"Visi\u00f3n Brit\u00e1nica de la Villa &#8211; Presentaci\u00f3n\" class=\"rev-slidebg tp-rs-img rs-lazyload\" data-lazyload=\"\/\/archivoorotava.es\/blog\/wp-content\/uploads\/2015\/09\/Visi\u00f3n-brit\u00e1nica-de-la-Villa-8.jpg\" data-parallax=\"off\" data-no-retina>\n<!---->\t\t\t\t\t<\/rs-slide>\n\t\t\t\t\t\t<rs-slide style=\"position: absolute;\" data-key=\"rs-252\" data-title=\"Slide\" data-thumb=\"\/\/archivoorotava.es\/blog\/wp-content\/uploads\/2015\/09\/Visi\u00f3n-brit\u00e1nica-de-la-Villa-9-100x50.jpg\" data-anim=\"adpr:false;\">\n\t\t\t\t\t\t\t<img decoding=\"async\" src=\"\/\/archivoorotava.es\/blog\/wp-content\/plugins\/revslider\/sr6\/assets\/assets\/dummy.png\" alt=\"\" title=\"Visi\u00f3n Brit\u00e1nica de la Villa &#8211; Presentaci\u00f3n\" class=\"rev-slidebg tp-rs-img rs-lazyload\" data-lazyload=\"\/\/archivoorotava.es\/blog\/wp-content\/uploads\/2015\/09\/Visi\u00f3n-brit\u00e1nica-de-la-Villa-9.jpg\" data-parallax=\"off\" data-no-retina>\n<!---->\t\t\t\t\t<\/rs-slide>\n\t\t\t\t\t\t<rs-slide style=\"position: absolute;\" data-key=\"rs-253\" data-title=\"Slide\" data-thumb=\"\/\/archivoorotava.es\/blog\/wp-content\/uploads\/2015\/09\/Visi\u00f3n-brit\u00e1nica-de-la-Villa-10-100x50.jpg\" data-anim=\"adpr:false;\">\n\t\t\t\t\t\t\t<img decoding=\"async\" src=\"\/\/archivoorotava.es\/blog\/wp-content\/plugins\/revslider\/sr6\/assets\/assets\/dummy.png\" alt=\"\" title=\"Visi\u00f3n Brit\u00e1nica de la Villa &#8211; Presentaci\u00f3n\" class=\"rev-slidebg tp-rs-img rs-lazyload\" data-lazyload=\"\/\/archivoorotava.es\/blog\/wp-content\/uploads\/2015\/09\/Visi\u00f3n-brit\u00e1nica-de-la-Villa-10.jpg\" data-parallax=\"off\" data-no-retina>\n<!---->\t\t\t\t\t<\/rs-slide>\n\t\t\t\t\t\t<rs-slide style=\"position: absolute;\" data-key=\"rs-254\" data-title=\"Slide\" data-thumb=\"\/\/archivoorotava.es\/blog\/wp-content\/uploads\/2015\/09\/Visi\u00f3n-brit\u00e1nica-de-la-Villa-11-100x50.jpg\" data-anim=\"adpr:false;\">\n\t\t\t\t\t\t\t<img decoding=\"async\" src=\"\/\/archivoorotava.es\/blog\/wp-content\/plugins\/revslider\/sr6\/assets\/assets\/dummy.png\" alt=\"\" title=\"Visi\u00f3n Brit\u00e1nica de la Villa &#8211; Presentaci\u00f3n\" class=\"rev-slidebg tp-rs-img rs-lazyload\" data-lazyload=\"\/\/archivoorotava.es\/blog\/wp-content\/uploads\/2015\/09\/Visi\u00f3n-brit\u00e1nica-de-la-Villa-11.jpg\" data-parallax=\"off\" data-no-retina>\n<!---->\t\t\t\t\t<\/rs-slide>\n\t\t\t\t\t\t<rs-slide style=\"position: absolute;\" data-key=\"rs-255\" data-title=\"Slide\" data-thumb=\"\/\/archivoorotava.es\/blog\/wp-content\/uploads\/2015\/09\/Visi\u00f3n-brit\u00e1nica-de-la-Villa-12-100x50.jpg\" data-anim=\"adpr:false;\">\n\t\t\t\t\t\t\t<img decoding=\"async\" src=\"\/\/archivoorotava.es\/blog\/wp-content\/plugins\/revslider\/sr6\/assets\/assets\/dummy.png\" alt=\"\" title=\"Visi\u00f3n Brit\u00e1nica de la Villa &#8211; Presentaci\u00f3n\" class=\"rev-slidebg tp-rs-img rs-lazyload\" data-lazyload=\"\/\/archivoorotava.es\/blog\/wp-content\/uploads\/2015\/09\/Visi\u00f3n-brit\u00e1nica-de-la-Villa-12.jpg\" data-parallax=\"off\" data-no-retina>\n<!---->\t\t\t\t\t<\/rs-slide>\n\t\t\t\t\t\t<rs-slide style=\"position: absolute;\" data-key=\"rs-256\" data-title=\"Slide\" data-thumb=\"\/\/archivoorotava.es\/blog\/wp-content\/uploads\/2015\/09\/Visi\u00f3n-brit\u00e1nica-de-la-Villa-13-100x50.jpg\" data-anim=\"adpr:false;\">\n\t\t\t\t\t\t\t<img decoding=\"async\" src=\"\/\/archivoorotava.es\/blog\/wp-content\/plugins\/revslider\/sr6\/assets\/assets\/dummy.png\" alt=\"\" title=\"Visi\u00f3n Brit\u00e1nica de la Villa &#8211; Presentaci\u00f3n\" class=\"rev-slidebg tp-rs-img rs-lazyload\" data-lazyload=\"\/\/archivoorotava.es\/blog\/wp-content\/uploads\/2015\/09\/Visi\u00f3n-brit\u00e1nica-de-la-Villa-13.jpg\" data-parallax=\"off\" data-no-retina>\n<!---->\t\t\t\t\t<\/rs-slide>\n\t\t\t\t\t\t<rs-slide style=\"position: absolute;\" data-key=\"rs-257\" data-title=\"Slide\" data-thumb=\"\/\/archivoorotava.es\/blog\/wp-content\/uploads\/2015\/09\/Visi\u00f3n-brit\u00e1nica-de-la-Villa-14-100x50.jpg\" data-anim=\"adpr:false;\">\n\t\t\t\t\t\t\t<img decoding=\"async\" src=\"\/\/archivoorotava.es\/blog\/wp-content\/plugins\/revslider\/sr6\/assets\/assets\/dummy.png\" alt=\"\" title=\"Visi\u00f3n Brit\u00e1nica de la Villa &#8211; Presentaci\u00f3n\" class=\"rev-slidebg tp-rs-img rs-lazyload\" data-lazyload=\"\/\/archivoorotava.es\/blog\/wp-content\/uploads\/2015\/09\/Visi\u00f3n-brit\u00e1nica-de-la-Villa-14.jpg\" data-bg=\"p:0% 17%;\" data-parallax=\"off\" data-no-retina>\n<!---->\t\t\t\t\t<\/rs-slide>\n\t\t\t\t\t\t<rs-slide style=\"position: absolute;\" data-key=\"rs-258\" data-title=\"Slide\" data-thumb=\"\/\/archivoorotava.es\/blog\/wp-content\/uploads\/2015\/09\/Visi\u00f3n-brit\u00e1nica-de-la-Villa-15-100x50.jpg\" data-anim=\"adpr:false;\">\n\t\t\t\t\t\t\t<img decoding=\"async\" src=\"\/\/archivoorotava.es\/blog\/wp-content\/plugins\/revslider\/sr6\/assets\/assets\/dummy.png\" alt=\"\" title=\"Visi\u00f3n Brit\u00e1nica de la Villa &#8211; Presentaci\u00f3n\" class=\"rev-slidebg tp-rs-img rs-lazyload\" data-lazyload=\"\/\/archivoorotava.es\/blog\/wp-content\/uploads\/2015\/09\/Visi\u00f3n-brit\u00e1nica-de-la-Villa-15.jpg\" data-parallax=\"off\" data-no-retina>\n<!---->\t\t\t\t\t<\/rs-slide>\n\t\t\t\t\t<\/rs-slides>\n\t\t\t\t<\/rs-module>\n\t\t\t\t<script>\n\t\t\t\t\tsetREVStartSize({c: 'rev_slider_16_1',rl:[1240,1024,778,480],el:[600,600,500,400],gw:[1240,1024,778,480],gh:[600,600,500,400],type:'standard',justify:'',layout:'fullwidth',thumbh:\"110\",mh:\"0\"});if (window.RS_MODULES!==undefined && window.RS_MODULES.modules!==undefined && window.RS_MODULES.modules[\"revslider161\"]!==undefined) {window.RS_MODULES.modules[\"revslider161\"].once = false;window.revapi16 = undefined;if (window.RS_MODULES.checkMinimal!==undefined) window.RS_MODULES.checkMinimal()}\n\t\t\t\t<\/script>\n\t\t\t<\/rs-module-wrap>\n\t\t\t<!-- END REVOLUTION SLIDER -->\n<\/div><\/div><\/div>\n","protected":false},"excerpt":{"rendered":"","protected":false},"author":2,"featured_media":0,"parent":0,"menu_order":0,"comment_status":"closed","ping_status":"closed","template":"template-blank-1.php","meta":{"footnotes":""},"class_list":["post-6820","page","type-page","status-publish","hentry","no-post-thumbnail"],"aioseo_notices":[],"_links":{"self":[{"href":"https:\/\/archivoorotava.es\/blog\/wp-json\/wp\/v2\/pages\/6820","targetHints":{"allow":["GET"]}}],"collection":[{"href":"https:\/\/archivoorotava.es\/blog\/wp-json\/wp\/v2\/pages"}],"about":[{"href":"https:\/\/archivoorotava.es\/blog\/wp-json\/wp\/v2\/types\/page"}],"author":[{"embeddable":true,"href":"https:\/\/archivoorotava.es\/blog\/wp-json\/wp\/v2\/users\/2"}],"replies":[{"embeddable":true,"href":"https:\/\/archivoorotava.es\/blog\/wp-json\/wp\/v2\/comments?post=6820"}],"version-history":[{"count":0,"href":"https:\/\/archivoorotava.es\/blog\/wp-json\/wp\/v2\/pages\/6820\/revisions"}],"wp:attachment":[{"href":"https:\/\/archivoorotava.es\/blog\/wp-json\/wp\/v2\/media?parent=6820"}],"curies":[{"name":"wp","href":"https:\/\/api.w.org\/{rel}","templated":true}]}}