{"id":5253,"date":"2015-08-06T13:20:10","date_gmt":"2015-08-06T13:20:10","guid":{"rendered":"http:\/\/archivoorotava.es\/blog\/?page_id=5253"},"modified":"2026-04-21T12:31:01","modified_gmt":"2026-04-21T11:31:01","slug":"actas-del-pleno","status":"publish","type":"page","link":"https:\/\/archivoorotava.es\/blog\/actas-del-pleno\/","title":{"rendered":"Actas del Pleno"},"content":{"rendered":"<div id=\"cs-content\" class=\"cs-content\"><div id=\"x-section-1\" class=\"x-section\" style=\"margin: 0px;padding: 0px; background-color: transparent;\" ><div id=\"\" class=\"x-container\" style=\"margin: 0px auto;padding: 0px;\" ><div  class=\"x-column x-sm x-1-1\" style=\"padding: 0px;border-radius:20px; background-color:rgb(219, 122, 48);\" ><h4  class=\"h-custom-headline cs-ta-center h5\" style=\"color: hsl(0, 0%, 100%);Background-color:#db7a30;border-bottom: 4px solid #fff;  border-top: 4px solid #fff; padding:1em 0.5em;  margin-top:5px;  margin-bottom:4px;border-radius:20px;\"><span>ACTAS DEL PLENO<\/span><\/h4><\/div><\/div><\/div><div id=\"x-section-2\" class=\"x-section\" style=\"margin: 0px;padding: 0px; background-color: transparent;\" ><div id=\"\" class=\"x-container\" style=\"margin: 0px auto;padding: 0px;\" ><div  class=\"x-column x-sm x-1-1\" style=\"padding: 0px;\" ><div id=\"\" class=\"x-text\" style=\"\" ><p style=\"text-align: justify; text-indent: 30px;\">Las Actas de Pleno es una serie documental que contiene informaci\u00f3n sobre la vida municipal, pudi\u00e9ndose comprobar la evoluci\u00f3n pol\u00edtica, econ\u00f3mica, social, etc. del Municipio.<\/p>\n<p style=\"text-align: justify; text-indent: 30px;\">Se dispone de las Actas del Pleno digitalizadas desde 1841 a 1999, que se pueden consultar directamente en el Archivo. Progresivamente se ir\u00e1n incorporando a nuestra p\u00e1gina web, siendo posible consultar actualmente desde el a\u00f1o 1841 a 1899, al igual que las \u00d3rdenes del D\u00eda correspondientes a cada sesi\u00f3n (s\u00f3lo disponibles de junio de 1841 a septiembre de 1844).<\/p>\n<p style=\"text-align: justify; text-indent: 30px;\"><span style=\"color: #999999;\">Por motivos de espacio se ha reducido la calidad de los ficheros pdf, por lo que si necesita el texto con mejor calidad debe acudir al Archivo Municipal.<\/span><\/p>\n<\/div><\/div><\/div><\/div><div id=\"x-section-3\" class=\"x-section\" style=\"margin: 0px;padding: 0px; background-color: transparent;\" ><div id=\"\" class=\"x-container\" style=\"margin: 0px auto;padding: 0px;\" ><div  class=\"x-column x-sm x-1-1\" style=\"padding: 0px;\" ><div id=\"\" class=\"x-text\" style=\"\" ><p><div id=\"footable_parent_26804\"\n         class=\" footable_parent ninja_table_wrapper loading_ninja_table wp_table_data_press_parent semantic_ui colored_table\">\n                <table data-ninja_table_instance=\"ninja_table_instance_0\" data-footable_id=\"26804\" data-filter-delay=\"1000\" aria-label=\"Actas del Pleno\"            id=\"footable_26804\"\n           data-unique_identifier=\"ninja_table_unique_id_3460160411_26804\"\n           class=\" foo-table ninja_footable foo_table_26804 ninja_table_unique_id_3460160411_26804 ui table  ninja_search_right nt_type_ajax_table selectable celled striped vertical_centered ninja_custom_color inverted footable-paging-right ninja_table_pro\">\n                <colgroup>\n                            <col class=\"ninja_column_0 \">\n                            <col class=\"ninja_column_1 \">\n                            <col class=\"ninja_column_2 \">\n                            <col class=\"ninja_column_3 hidden\">\n                            <col class=\"ninja_column_4 \">\n                    <\/colgroup>\n            <\/table>\n    \n    \n    \n<\/div>\n<\/p>\n<\/div><\/div><\/div><\/div><\/div>\n","protected":false},"excerpt":{"rendered":"","protected":false},"author":2,"featured_media":0,"parent":0,"menu_order":0,"comment_status":"closed","ping_status":"open","template":"template-blank-1.php","meta":{"footnotes":""},"class_list":["post-5253","page","type-page","status-publish","hentry","no-post-thumbnail"],"aioseo_notices":[],"_links":{"self":[{"href":"https:\/\/archivoorotava.es\/blog\/wp-json\/wp\/v2\/pages\/5253","targetHints":{"allow":["GET"]}}],"collection":[{"href":"https:\/\/archivoorotava.es\/blog\/wp-json\/wp\/v2\/pages"}],"about":[{"href":"https:\/\/archivoorotava.es\/blog\/wp-json\/wp\/v2\/types\/page"}],"author":[{"embeddable":true,"href":"https:\/\/archivoorotava.es\/blog\/wp-json\/wp\/v2\/users\/2"}],"replies":[{"embeddable":true,"href":"https:\/\/archivoorotava.es\/blog\/wp-json\/wp\/v2\/comments?post=5253"}],"version-history":[{"count":9,"href":"https:\/\/archivoorotava.es\/blog\/wp-json\/wp\/v2\/pages\/5253\/revisions"}],"predecessor-version":[{"id":27222,"href":"https:\/\/archivoorotava.es\/blog\/wp-json\/wp\/v2\/pages\/5253\/revisions\/27222"}],"wp:attachment":[{"href":"https:\/\/archivoorotava.es\/blog\/wp-json\/wp\/v2\/media?parent=5253"}],"curies":[{"name":"wp","href":"https:\/\/api.w.org\/{rel}","templated":true}]}}