{"id":3662,"date":"2015-05-05T11:41:27","date_gmt":"2015-05-05T11:41:27","guid":{"rendered":"http:\/\/archivoorotava.es\/blog?page_id=3662"},"modified":"2026-04-08T09:38:17","modified_gmt":"2026-04-08T08:38:17","slug":"biblioarchivo","status":"publish","type":"page","link":"https:\/\/archivoorotava.es\/blog\/biblioarchivo\/","title":{"rendered":"Biblioarchivo"},"content":{"rendered":"<div id=\"cs-content\" class=\"cs-content\"><div id=\"x-section-1\" class=\"x-section\" style=\"margin: 0px;padding: 0px; background-color: transparent;\" ><div id=\"\" class=\"x-container\" style=\"margin: 0px auto;padding: 0px;\" ><div  class=\"x-column x-sm x-1-1\" style=\"padding: 0px;border-radius:20px; background-color:rgb(219, 122, 48);\" ><h4  class=\"h-custom-headline cs-ta-center h5\" style=\"color: hsl(0, 2%, 99%);Background-color:#db7a30;border-bottom: 4px solid #fff;  border-top: 4px solid #fff; padding:1em 0.5em;  margin-top:5px;  margin-bottom:4px;border-radius:20px;\"><span>Biblioarchivo<\/span><\/h4><\/div><\/div><\/div><div class=\"x-section e3662-e5 m2tq-0\"><div class=\"x-row x-container max width e3662-e6 m2tq-1 m2tq-2\"><div class=\"x-row-inner\"><div class=\"x-col e3662-e7 m2tq-3\"><div class=\"x-text x-content e3662-e8 m2tq-4\"><p style=\"text-indent: 30px; text-align: justify;\">A trav\u00e9s de Biblioarchivo se puede acceder al cat\u00e1logo con todos los libros que forman la biblioteca del Archivo, permitiendo hacer b\u00fasquedas por sus diferentes campos. En algunos registros est\u00e1 disponible el libro en pdf\u00a0 ya que ha sido publicado por el Ayuntamiento de La Orotava en formato de descarga gratuita o ha sido donado por su autor para su libre consulta*. Ver columna \"PDF\" (nota: en m\u00f3vil la p\u00e1gina se debe poner en horizontal).<\/p>\n<p>* E<strong>n algunos casos, la versi\u00f3n digital que se encuentra en este blog y la versi\u00f3n en papel no son exactamente iguales.<\/strong><\/p>\n<p><div id=\"footable_parent_26144\"\n         class=\" footable_parent ninja_table_wrapper loading_ninja_table wp_table_data_press_parent semantic_ui colored_table\">\n                <table data-ninja_table_instance=\"ninja_table_instance_0\" data-footable_id=\"26144\" data-filter-delay=\"1000\" aria-label=\"Libros\"            id=\"footable_26144\"\n           data-unique_identifier=\"ninja_table_unique_id_416166674_26144\"\n           class=\" foo-table ninja_footable foo_table_26144 ninja_table_unique_id_416166674_26144 ui table  nt_has_lightbox ninja_search_right nt_type_ajax_table selectable celled striped vertical_centered ninja_custom_color inverted footable-paging-right ninja_table_pro\">\n                <colgroup>\n                            <col class=\"ninja_column_0 \">\n                            <col class=\"ninja_column_1 \">\n                            <col class=\"ninja_column_2 \">\n                            <col class=\"ninja_column_3 \">\n                            <col class=\"ninja_column_4 \">\n                            <col class=\"ninja_column_5 \">\n                    <\/colgroup>\n            <\/table>\n    \n    \n    \n<\/div>\n<\/p><\/div><\/div><\/div><\/div><\/div><div id=\"x-section-2\" class=\"x-section\" style=\"margin: 0px;padding: 0px; background-color: transparent;\" ><div id=\"\" class=\"x-container\" style=\"margin: 0px auto;padding: 0px;\" ><div  class=\"x-column x-sm x-1-1\" style=\"padding: 0px;\" ><div id=\"\" class=\"x-text\" style=\"\" ><\/div><\/div><\/div><\/div><\/div>\n","protected":false},"excerpt":{"rendered":"<p>BiblioarchivoA trav\u00e9s de Biblioarchivo se puede acceder al cat\u00e1logo con todos los libros que forman la biblioteca del Archivo, permitiendo hacer b\u00fasquedas por sus diferentes campos. En algunos registros est\u00e1 disponible el libro en pdf\u00a0 ya que ha sido &#8230;<\/p>\n","protected":false},"author":2,"featured_media":0,"parent":0,"menu_order":0,"comment_status":"closed","ping_status":"open","template":"template-layout-full-width.php","meta":{"footnotes":""},"class_list":["post-3662","page","type-page","status-publish","hentry","no-post-thumbnail"],"aioseo_notices":[],"jetpack_sharing_enabled":true,"_links":{"self":[{"href":"https:\/\/archivoorotava.es\/blog\/wp-json\/wp\/v2\/pages\/3662","targetHints":{"allow":["GET"]}}],"collection":[{"href":"https:\/\/archivoorotava.es\/blog\/wp-json\/wp\/v2\/pages"}],"about":[{"href":"https:\/\/archivoorotava.es\/blog\/wp-json\/wp\/v2\/types\/page"}],"author":[{"embeddable":true,"href":"https:\/\/archivoorotava.es\/blog\/wp-json\/wp\/v2\/users\/2"}],"replies":[{"embeddable":true,"href":"https:\/\/archivoorotava.es\/blog\/wp-json\/wp\/v2\/comments?post=3662"}],"version-history":[{"count":9,"href":"https:\/\/archivoorotava.es\/blog\/wp-json\/wp\/v2\/pages\/3662\/revisions"}],"predecessor-version":[{"id":27177,"href":"https:\/\/archivoorotava.es\/blog\/wp-json\/wp\/v2\/pages\/3662\/revisions\/27177"}],"wp:attachment":[{"href":"https:\/\/archivoorotava.es\/blog\/wp-json\/wp\/v2\/media?parent=3662"}],"curies":[{"name":"wp","href":"https:\/\/api.w.org\/{rel}","templated":true}]}}