{"id":25334,"date":"2024-06-07T11:53:41","date_gmt":"2024-06-07T10:53:41","guid":{"rendered":"https:\/\/archivoorotava.es\/blog\/?page_id=25334"},"modified":"2024-06-07T14:16:11","modified_gmt":"2024-06-07T13:16:11","slug":"fondos-privados","status":"publish","type":"page","link":"https:\/\/archivoorotava.es\/blog\/fondos-privados\/","title":{"rendered":"Fondos privados"},"content":{"rendered":"<div id=\"cs-content\" class=\"cs-content\"><div id=\"x-section-1\" class=\"x-section\" style=\"margin: 0px;padding: 0px; background-color: transparent;\" ><div id=\"\" class=\"x-container\" style=\"margin: 0px auto;padding: 0px;\" ><div  class=\"x-column x-sm x-1-1\" style=\"padding: 0px;border-radius:20px; margin-top:10px; background-color:rgb(219, 122, 48);\" ><h4  class=\"h-custom-headline cs-ta-center h5\" style=\"color: hsl(0, 2%, 99%);Background-color:#db7a30;border-bottom: 4px solid #fff;  border-top: 4px solid #fff; padding:1em 0.5em;  margin-top:5px;  margin-bottom:4px;border-radius:20px;\"><span>FONDOS PRIVADOS<\/span><\/h4><\/div><\/div><\/div><div class=\"x-section e25334-e5 mjjq-0 mjjq-1\"><div class=\"x-row x-container max width e25334-e6 mjjq-3 mjjq-4 mjjq-6\"><div class=\"x-row-inner\"><div class=\"x-col e25334-e7 mjjq-8 mjjq-9\"><div class=\"x-text x-content e25334-e8 mjjq-b mjjq-c mjjq-d\"><p style=\"text-align: justify;\"><span  class=\"x-dropcap\" >E<\/span>l fondo documental del Archivo Municipal, est\u00e1 compuesto por unas 19500 cajas. Aunque la gran mayor\u00eda son de origen municipal, hay algunas excepciones como son los Fondos Familiares Privados y de Instituciones que han sido entregados al Archivo Municipal para su custodia y conservaci\u00f3n entre los que destacan:<\/p><\/div><\/div><\/div><\/div><\/div><div class=\"x-section e25334-e9 mjjq-1 mjjq-2\"><div class=\"x-row x-container max width e25334-e10 mjjq-3 mjjq-5 mjjq-7\"><div class=\"x-row-inner\"><div class=\"x-col e25334-e11 mjjq-8 mjjq-a\"><div class=\"x-text x-text-headline e25334-e12 mjjq-g\"><div class=\"x-text-content\"><div class=\"x-text-content-text\"><h1 class=\"x-text-content-text-primary\"><p style=\"text-align: center;\"><strong>FONDO LUGO-VI\u00d1A Y MASSIEU<\/strong><\/p><\/h1>\n<\/div><\/div><\/div><div class=\"x-text x-content e25334-e13 mjjq-c mjjq-d mjjq-e\"><p style=\"text-align: justify;\"><strong>ORIGEN:<\/strong> En el a\u00f1o 1983, el Ayuntamiento adquiere la biblioteca, hemeroteca y documentaci\u00f3n de D. Antonio de Lugo y Massieu.<\/p>\n<p style=\"text-align: justify;\">El fondo documental permanece en la Biblioteca Municipal hasta que en el a\u00f1o 1996 se traslada al Archivo Municipal para su custodia y conservaci\u00f3n.<\/p>\n<p style=\"text-align: justify;\">Por su riqueza y amplitud cronol\u00f3gica (Siglos XV-XX) se trata del fondo documental m\u00e1s importante conservado en el Archivo Municipal La Orotava y es una parte del fondo de la propia familia que se custodia en el Archivo General Insular de La Palma.<\/p>\n<p style=\"text-align: justify;\"><strong>Volumen:<\/strong> 57 cajas<\/p>\n<p style=\"text-align: justify;\"><strong>Periodo cronol\u00f3gico:<\/strong> 1476-1959<\/p>\n<p style=\"text-align: justify;\"><strong>Contenido:<\/strong> Testamentos, correspondencia, cuentas, documentos judiciales, etc. Documentaci\u00f3n de la Pen\u00ednsula y de Canarias.<\/p><\/div><div class=\"x-text x-content e25334-e14 mjjq-b mjjq-c mjjq-f\"><div id=\"dflip-tab-content-thumb\" class=\"dflip-tab-content dflip-active\"><code><a class=\"_df_thumb  df-has-ridge \"  href=\"#\"  data-slug=\"fondo-familiar-lugo-vina-y-massieu\" data-_slug=\"fondo-familiar-lugo-vina-y-massieu\" _slug=\"fondo-familiar-lugo-vina-y-massieu\" data-title=\"fondo-familiar-lugo-vina-y-massieu\" id=\"df_25344\" data-df-option=\"df_option_25344\" thumb=\"https:\/\/archivoorotava.es\/blog\/wp-content\/uploads\/2024\/06\/fondo-lugo-vina-massieu.jpg\"  >Fondo Familiar Lugo-Vi\u00f1a y Massieu<\/a><script class=\"df-shortcode-script\" nowprocket type=\"application\/javascript\">window.df_option_25344 = {\"source\":\"https:\\\/\\\/archivoorotava.es\\\/blog\\\/wp-content\\\/uploads\\\/2025\\\/11\\\/familia-lugo-y-massieu-blog-modificado-a-26-03-2025_b.pdf\",\"outline\":[],\"cover3DType\":\"basic\",\"color3DCover\":\"#1e73be\",\"hasSpiral\":true,\"autoEnableOutline\":false,\"autoEnableThumbnail\":false,\"overwritePDFOutline\":false,\"showSearchControl\":true,\"pageSize\":\"0\",\"direction\":\"1\",\"slug\":\"fondo-familiar-lugo-vina-y-massieu\",\"wpOptions\":\"true\",\"id\":25344}; if(window.DFLIP && window.DFLIP.parseBooks){window.DFLIP.parseBooks();}<\/script><\/code><\/div>\n<div><span style=\"color: #800080;\">Pincha en la imagen para ver el cat\u00e1logo<\/span><\/div><\/div><\/div><div class=\"x-col e25334-e15 mjjq-8 mjjq-a\"><div class=\"x-text x-text-headline e25334-e16 mjjq-g\"><div class=\"x-text-content\"><div class=\"x-text-content-text\"><h1 class=\"x-text-content-text-primary\"><strong>FONDO FAMILIAR NEPOMUCENO<\/strong><\/h1>\n<\/div><\/div><\/div><div class=\"x-text x-content e25334-e17 mjjq-c mjjq-d mjjq-e\"><p style=\"text-align: justify;\"><strong>ORIGEN:<\/strong> A finales del a\u00f1o 2019 un art\u00edculo en prensa da cuenta del hallazgo fortuito por parte de D. Adolfo Padr\u00f3n Rodr\u00edguez de un conjunto documental en un solar abandonado.<\/p>\n<p style=\"text-align: justify;\">Tras las pertinentes actuaciones, dichos papeles fueron depositado en el Archivo Municipal de La Orotava, para garantizar su custodia y conservaci\u00f3n, ese mismo a\u00f1o.<\/p>\n<p style=\"text-align: justify;\">Se trata de un fondo familiar de indudable inter\u00e9s para La Orotava, pues testimonia el desarrollo de la nueva clase burguesa a comienzos del siglo XIX<\/p>\n<p style=\"text-align: justify;\"><strong>Volumen:<\/strong> 14 cajas<\/p>\n<p style=\"text-align: justify;\"><strong>Periodo cronol\u00f3gico:<\/strong> 1655-1944<\/p>\n<p style=\"text-align: justify;\"><strong>Contenido:<\/strong> Documentaci\u00f3n del presb\u00edtero D. Vicente Nepomuceno y su familia como testamentos, libros contables, correspondencia, etc. Documentaci\u00f3n de Canarias<\/p><\/div><div class=\"x-text x-content e25334-e18 mjjq-b mjjq-c mjjq-f\"><div id=\"dflip_page_size_box\" class=\"dflip-box \" data-condition=\"\">\n<div class=\"dflip-desc\"><code><a class=\"_df_thumb  df-has-ridge \"  href=\"#\"  data-slug=\"fondo-familiar-nepomuceno\" data-_slug=\"fondo-familiar-nepomuceno\" _slug=\"fondo-familiar-nepomuceno\" data-title=\"fondo-familiar-nepomuceno\" id=\"df_25355\" data-df-option=\"df_option_25355\" thumb=\"https:\/\/archivoorotava.es\/blog\/wp-content\/uploads\/2024\/06\/img-20240604-wa0013.jpg\"  >Fondo Familiar Nepomuceno<\/a><script class=\"df-shortcode-script\" nowprocket type=\"application\/javascript\">window.df_option_25355 = {\"source\":\"https:\\\/\\\/archivoorotava.es\\\/blog\\\/wp-content\\\/uploads\\\/2025\\\/12\\\/fondo-familiar-nepomuceno.pdf\",\"outline\":[],\"cover3DType\":\"basic\",\"color3DCover\":\"#1e73be\",\"hasSpiral\":true,\"autoEnableOutline\":false,\"autoEnableThumbnail\":true,\"overwritePDFOutline\":false,\"showSearchControl\":true,\"pageSize\":\"0\",\"direction\":\"1\",\"slug\":\"fondo-familiar-nepomuceno\",\"wpOptions\":\"true\",\"id\":25355}; if(window.DFLIP && window.DFLIP.parseBooks){window.DFLIP.parseBooks();}<\/script><\/code><\/div>\n<div class=\"dflip-option dflip-select\"><span style=\"color: #800080;\">Pincha en la imagen para ver el cat\u00e1logo<\/span><\/div>\n<\/div>\n<div id=\"post-body\" class=\"metabox-holder columns-2\">\n<div id=\"postbox-container-2\" class=\"postbox-container\">\n<div id=\"normal-sortables\" class=\"meta-box-sortables ui-sortable\">\n<div id=\"dflip_post_meta_box\" class=\"postbox \">\n<div class=\"inside\">\n<div class=\"dflip-tabs\">\n<div id=\"dflip-tab-content-layout\" class=\"dflip-tab-content dflip-active\">\n<div class=\"dflip-box\"><\/div>\n<\/div>\n<\/div>\n<\/div>\n<\/div>\n<\/div>\n<div id=\"advanced-sortables\" class=\"meta-box-sortables ui-sortable empty-container\"><\/div>\n<\/div>\n<\/div><\/div><\/div><div class=\"x-col e25334-e19 mjjq-8 mjjq-a\"><div class=\"x-text x-text-headline e25334-e20 mjjq-g\"><div class=\"x-text-content\"><div class=\"x-text-content-text\"><h1 class=\"x-text-content-text-primary\"><strong>FONDO CASINO DE OROTAVA<\/strong><\/h1>\n<\/div><\/div><\/div><div class=\"x-text x-content e25334-e21 mjjq-c mjjq-d mjjq-e\"><p style=\"text-align: justify;\"><strong>ORIGEN:<\/strong> Sociedad constituida en el a\u00f1o 1853. En el a\u00f1o 1924 establece su sede en la Calle Tom\u00e1s P\u00e9rez, 3. Ya en el a\u00f1o 1981 cede parte de este edificio para albergar la Biblioteca Municipal. Desaparece legalmente en el a\u00f1o 1994 (aunque hab\u00eda cesado su actividad desde el a\u00f1o 1973) pasando todo el edificio al Ayuntamiento de La Orotava junto con parte de la documentaci\u00f3n de dicha Sociedad.<\/p>\n<p style=\"text-align: justify;\">En el a\u00f1o 1996 esta documentaci\u00f3n es enviada al Archivo Municipal.<\/p>\n<p style=\"text-align: justify;\">En el a\u00f1o 2023, D. Juan Cullen Salazar don\u00f3 otra parte de este fondo al Archivo Municipal.<\/p>\n<p style=\"text-align: justify;\"><strong>Volumen:<\/strong> 24 cajas<\/p>\n<p style=\"text-align: justify;\"><strong>Periodo cronol\u00f3gico:<\/strong> 1853-2001<\/p>\n<p style=\"text-align: justify;\"><strong>Contenido:<\/strong> Mayoritariamente libros de actas, libros contables y recibos\/facturas. Documentaci\u00f3n de La Orotava.<\/p><\/div><div class=\"x-text x-content e25334-e22 mjjq-b mjjq-c mjjq-f\"><div id=\"dflip-tab-content-thumb\" class=\"dflip-tab-content dflip-active\"><code><a class=\"_df_thumb  df-has-ridge \"  href=\"#\"  data-slug=\"casino-de-orotava\" data-_slug=\"casino-de-orotava\" _slug=\"casino-de-orotava\" data-title=\"casino-de-orotava\" id=\"df_25366\" data-df-option=\"df_option_25366\" thumb=\"https:\/\/archivoorotava.es\/blog\/wp-content\/uploads\/2024\/06\/img-20240607-wa0001.jpg\"  >Casino de Orotava<\/a><script class=\"df-shortcode-script\" nowprocket type=\"application\/javascript\">window.df_option_25366 = {\"source\":\"https:\\\/\\\/archivoorotava.es\\\/blog\\\/wp-content\\\/uploads\\\/2025\\\/12\\\/fondo-casino-orotava.pdf\",\"outline\":[],\"cover3DType\":\"basic\",\"color3DCover\":\"#1e73be\",\"hasSpiral\":true,\"autoEnableOutline\":false,\"autoEnableThumbnail\":false,\"overwritePDFOutline\":false,\"showSearchControl\":true,\"pageSize\":\"0\",\"direction\":\"1\",\"slug\":\"casino-de-orotava\",\"wpOptions\":\"true\",\"id\":25366}; if(window.DFLIP && window.DFLIP.parseBooks){window.DFLIP.parseBooks();}<\/script><\/code><\/div>\n<div><span style=\"color: #800080;\">Pincha en la imagen para ver el cat\u00e1logo<\/span><\/div><\/div><\/div><\/div><\/div><\/div><\/div>\n","protected":false},"excerpt":{"rendered":"<p>FONDOS PRIVADOSEl fondo documental del Archivo Municipal, est\u00e1 compuesto por unas 19500 cajas. Aunque la gran mayor\u00eda son de origen municipal, hay algunas excepciones como son los Fondos Familiares Privados y de Instituciones que han sido entregados al Archivo &#8230;<\/p>\n","protected":false},"author":7,"featured_media":0,"parent":0,"menu_order":0,"comment_status":"closed","ping_status":"closed","template":"template-blank-4.php","meta":{"footnotes":""},"class_list":["post-25334","page","type-page","status-publish","hentry","no-post-thumbnail"],"aioseo_notices":[],"_links":{"self":[{"href":"https:\/\/archivoorotava.es\/blog\/wp-json\/wp\/v2\/pages\/25334","targetHints":{"allow":["GET"]}}],"collection":[{"href":"https:\/\/archivoorotava.es\/blog\/wp-json\/wp\/v2\/pages"}],"about":[{"href":"https:\/\/archivoorotava.es\/blog\/wp-json\/wp\/v2\/types\/page"}],"author":[{"embeddable":true,"href":"https:\/\/archivoorotava.es\/blog\/wp-json\/wp\/v2\/users\/7"}],"replies":[{"embeddable":true,"href":"https:\/\/archivoorotava.es\/blog\/wp-json\/wp\/v2\/comments?post=25334"}],"version-history":[{"count":23,"href":"https:\/\/archivoorotava.es\/blog\/wp-json\/wp\/v2\/pages\/25334\/revisions"}],"predecessor-version":[{"id":25397,"href":"https:\/\/archivoorotava.es\/blog\/wp-json\/wp\/v2\/pages\/25334\/revisions\/25397"}],"wp:attachment":[{"href":"https:\/\/archivoorotava.es\/blog\/wp-json\/wp\/v2\/media?parent=25334"}],"curies":[{"name":"wp","href":"https:\/\/api.w.org\/{rel}","templated":true}]}}