{"id":1880,"date":"2014-03-06T13:33:00","date_gmt":"2014-03-06T13:33:00","guid":{"rendered":"http:\/\/archivoorotava.es\/blog?page_id=1880"},"modified":"2020-09-23T23:27:02","modified_gmt":"2020-09-23T22:27:02","slug":"comparte-las-fotos","status":"publish","type":"page","link":"https:\/\/archivoorotava.es\/blog\/comparte-las-fotos\/","title":{"rendered":"Comparte tus fotos &#8211; contacto"},"content":{"rendered":"<div id=\"cs-content\" class=\"cs-content\"><\/div>\n","protected":false},"excerpt":{"rendered":"<p>Nombre COMPARTE TUS FOTOS Colabora en salvaguardar la historia de La Orotava y comparte tus fotograf\u00edas. Para identificar la imagen agradecer\u00edamos, si es posible, cumplimentar alguno de los siguientes campos. Si sube m\u00e1s de una imagen ser\u00eda recomendable numerarlas &#8230;<\/p>\n","protected":false},"author":7,"featured_media":0,"parent":0,"menu_order":0,"comment_status":"closed","ping_status":"open","template":"","meta":{"footnotes":""},"class_list":["post-1880","page","type-page","status-publish","hentry","no-post-thumbnail"],"aioseo_notices":[],"_links":{"self":[{"href":"https:\/\/archivoorotava.es\/blog\/wp-json\/wp\/v2\/pages\/1880","targetHints":{"allow":["GET"]}}],"collection":[{"href":"https:\/\/archivoorotava.es\/blog\/wp-json\/wp\/v2\/pages"}],"about":[{"href":"https:\/\/archivoorotava.es\/blog\/wp-json\/wp\/v2\/types\/page"}],"author":[{"embeddable":true,"href":"https:\/\/archivoorotava.es\/blog\/wp-json\/wp\/v2\/users\/7"}],"replies":[{"embeddable":true,"href":"https:\/\/archivoorotava.es\/blog\/wp-json\/wp\/v2\/comments?post=1880"}],"version-history":[{"count":4,"href":"https:\/\/archivoorotava.es\/blog\/wp-json\/wp\/v2\/pages\/1880\/revisions"}],"predecessor-version":[{"id":21033,"href":"https:\/\/archivoorotava.es\/blog\/wp-json\/wp\/v2\/pages\/1880\/revisions\/21033"}],"wp:attachment":[{"href":"https:\/\/archivoorotava.es\/blog\/wp-json\/wp\/v2\/media?parent=1880"}],"curies":[{"name":"wp","href":"https:\/\/api.w.org\/{rel}","templated":true}]}}